{"id":271,"date":"2024-09-05T10:08:20","date_gmt":"2024-09-05T13:08:20","guid":{"rendered":"https:\/\/esperanca.ipb.org.br\/?page_id=271"},"modified":"2024-09-05T10:18:30","modified_gmt":"2024-09-05T13:18:30","slug":"reflexoes","status":"publish","type":"page","link":"https:\/\/esperanca.ipb.org.br\/?page_id=271","title":{"rendered":"Reflex\u00f5es"},"content":{"rendered":"\t\t<div data-elementor-type=\"wp-page\" data-elementor-id=\"271\" class=\"elementor elementor-271\">\n\t\t\t\t<div class=\"elementor-element elementor-element-0518fa7 e-flex e-con-boxed e-con e-parent\" data-id=\"0518fa7\" data-element_type=\"container\">\n\t\t\t\t\t<div class=\"e-con-inner\">\n\t\t\t\t<div class=\"elementor-element elementor-element-e6c753a elementor-widget elementor-widget-mfn_blog\" data-id=\"e6c753a\" data-element_type=\"widget\" data-widget_type=\"mfn_blog.default\">\n\t\t\t\t<div class=\"elementor-widget-container\">\n\t\t\t<div class=\"column_filters\"><div class=\"blog_wrapper isotope_wrapper clearfix\"><div class=\"posts_group lm_wrapper col-3 grid hide-more\"><article class=\"post post-item isotope-item clearfix post-193 type-post status-publish format-standard has-post-thumbnail hentry category-reflexoes\" style=\"\"><div class=\"date_label\">3 de setembro de 2024<\/div><div class=\"image_frame post-photo-wrapper scale-with-grid image\"><div class=\"image_wrapper\"><a href=\"https:\/\/esperanca.ipb.org.br\/?p=193\"><div class=\"mask\"><\/div><img fetchpriority=\"high\" decoding=\"async\" width=\"960\" height=\"750\" src=\"https:\/\/esperanca.ipb.org.br\/wp-content\/uploads\/2024\/09\/9_perdendo-960x750.webp\" class=\"scale-with-grid wp-post-image\" alt=\"\" \/><\/a><div class=\"image_links double\"><a class=\"zoom tooltip\" data-tooltip=\"Zoom\" data-position=\"left\" rel=\"prettyphoto\" href=\"https:\/\/esperanca.ipb.org.br\/wp-content\/uploads\/2024\/09\/9_perdendo-1024x683.webp\"><svg viewBox=\"0 0 26 26\"><defs><style>.path{fill:none;stroke:#333;stroke-miterlimit:10;stroke-width:1.5px;}<\/style><\/defs><circle cx=\"11.35\" cy=\"11.35\" r=\"6\" class=\"path\"><\/circle><line x1=\"15.59\" y1=\"15.59\" x2=\"20.65\" y2=\"20.65\" class=\"path\"><\/line><\/svg><\/a><a class=\"link tooltip\" data-tooltip=\"Details\" data-position=\"left\" href=\"https:\/\/esperanca.ipb.org.br\/?p=193\"><svg viewBox=\"0 0 26 26\"><defs><style>.path{fill:none;stroke:#333;stroke-miterlimit:10;stroke-width:1.5px;}<\/style><\/defs><g><path d=\"M10.17,8.76l2.12-2.12a5,5,0,0,1,7.07,0h0a5,5,0,0,1,0,7.07l-2.12,2.12\" class=\"path\"><\/path><path d=\"M15.83,17.24l-2.12,2.12a5,5,0,0,1-7.07,0h0a5,5,0,0,1,0-7.07l2.12-2.12\" class=\"path\"><\/path><line x1=\"10.17\" y1=\"15.83\" x2=\"15.83\" y2=\"10.17\" class=\"path\"><\/line><\/g><\/svg><\/a><\/div><\/div><\/div><div class=\"post-desc-wrapper bg- has-custom-bg\" style=\"\"><div class=\"post-desc\"><div class=\"post-head\"><div class=\"post-meta clearfix\"><div class=\"author-date\"><span class=\"vcard author post-author\"><span class=\"label\">Published by <\/span><i class=\"icon-user\" aria-label=\"author\"><\/i> <span class=\"fn\"><a href=\"https:\/\/esperanca.ipb.org.br\/?author=1\">apecom<\/a><\/span><\/span> <span class=\"date\"><span class=\"label\">on <\/span><i class=\"icon-clock\"><\/i> <span class=\"post-date updated\">3 de setembro de 2024<\/span><\/span><\/div><div class=\"category\"><span class=\"cat-btn\">Categories <i class=\"icon-down-dir\" aria-hidden=\"true\"><\/i><\/span><div class=\"cat-wrapper\"><ul class=\"post-categories\">\n\t<li><a href=\"https:\/\/esperanca.ipb.org.br\/?cat=3\" rel=\"category\">Reflex\u00f5es<\/a><\/li><\/ul><\/div><\/div><\/div><\/div><div class=\"post-title\"><h2 class=\"entry-title\" itemprop=\"headline\"><a href=\"https:\/\/esperanca.ipb.org.br\/?p=193\">Aos que se encontram sem for\u00e7as<\/a><\/h2><\/div><div class=\"post-excerpt\">Ronaldo Lid\u00f3rio Na conclus\u00e3o da magn\u00edfica carta de Paulo aos ef\u00e9sios, ele ensina que devemos nos fortalecer no Senhor: &#8220;Quanto ao mais, sede fortalecidos no Senhor<span class=\"excerpt-hellip\"> [\u2026]<\/span><\/div><div class=\"post-footer\"><div class=\"button-love\"><span class=\"love-text\">Do you like it?<\/span><a href=\"#\" class=\"mfn-love \" data-id=\"193\"><span class=\"icons-wrapper\"><i class=\"icon-heart-empty-fa\"><\/i><i class=\"icon-heart-fa\"><\/i><\/span><span class=\"label\">0<\/span><\/a><\/div><div class=\"post-links\"><i class=\"icon-comment-empty-fa\" aria-label=\"number of comments\"><\/i> <a href=\"https:\/\/esperanca.ipb.org.br\/?p=193#respond\" class=\"post-comments\">0<\/a><i class=\"icon-doc-text\" aria-hidden=\"true\"><\/i> <a href=\"https:\/\/esperanca.ipb.org.br\/?p=193\" class=\"post-more\">Read more<\/a><\/div><\/div><\/div><\/div><\/article><article class=\"post post-item isotope-item clearfix post-191 type-post status-publish format-standard has-post-thumbnail hentry category-reflexoes\" style=\"\"><div class=\"date_label\">3 de setembro de 2024<\/div><div class=\"image_frame post-photo-wrapper scale-with-grid image\"><div class=\"image_wrapper\"><a href=\"https:\/\/esperanca.ipb.org.br\/?p=191\"><div class=\"mask\"><\/div><img decoding=\"async\" width=\"960\" height=\"750\" src=\"https:\/\/esperanca.ipb.org.br\/wp-content\/uploads\/2024\/09\/8_sofrimento-960x750.webp\" class=\"scale-with-grid wp-post-image\" alt=\"\" \/><\/a><div class=\"image_links double\"><a class=\"zoom tooltip\" data-tooltip=\"Zoom\" data-position=\"left\" rel=\"prettyphoto\" href=\"https:\/\/esperanca.ipb.org.br\/wp-content\/uploads\/2024\/09\/8_sofrimento-1024x683.webp\"><svg viewBox=\"0 0 26 26\"><defs><style>.path{fill:none;stroke:#333;stroke-miterlimit:10;stroke-width:1.5px;}<\/style><\/defs><circle cx=\"11.35\" cy=\"11.35\" r=\"6\" class=\"path\"><\/circle><line x1=\"15.59\" y1=\"15.59\" x2=\"20.65\" y2=\"20.65\" class=\"path\"><\/line><\/svg><\/a><a class=\"link tooltip\" data-tooltip=\"Details\" data-position=\"left\" href=\"https:\/\/esperanca.ipb.org.br\/?p=191\"><svg viewBox=\"0 0 26 26\"><defs><style>.path{fill:none;stroke:#333;stroke-miterlimit:10;stroke-width:1.5px;}<\/style><\/defs><g><path d=\"M10.17,8.76l2.12-2.12a5,5,0,0,1,7.07,0h0a5,5,0,0,1,0,7.07l-2.12,2.12\" class=\"path\"><\/path><path d=\"M15.83,17.24l-2.12,2.12a5,5,0,0,1-7.07,0h0a5,5,0,0,1,0-7.07l2.12-2.12\" class=\"path\"><\/path><line x1=\"10.17\" y1=\"15.83\" x2=\"15.83\" y2=\"10.17\" class=\"path\"><\/line><\/g><\/svg><\/a><\/div><\/div><\/div><div class=\"post-desc-wrapper bg- has-custom-bg\" style=\"\"><div class=\"post-desc\"><div class=\"post-head\"><div class=\"post-meta clearfix\"><div class=\"author-date\"><span class=\"vcard author post-author\"><span class=\"label\">Published by <\/span><i class=\"icon-user\" aria-label=\"author\"><\/i> <span class=\"fn\"><a href=\"https:\/\/esperanca.ipb.org.br\/?author=1\">apecom<\/a><\/span><\/span> <span class=\"date\"><span class=\"label\">on <\/span><i class=\"icon-clock\"><\/i> <span class=\"post-date updated\">3 de setembro de 2024<\/span><\/span><\/div><div class=\"category\"><span class=\"cat-btn\">Categories <i class=\"icon-down-dir\" aria-hidden=\"true\"><\/i><\/span><div class=\"cat-wrapper\"><ul class=\"post-categories\">\n\t<li><a href=\"https:\/\/esperanca.ipb.org.br\/?cat=3\" rel=\"category\">Reflex\u00f5es<\/a><\/li><\/ul><\/div><\/div><\/div><\/div><div class=\"post-title\"><h2 class=\"entry-title\" itemprop=\"headline\"><a href=\"https:\/\/esperanca.ipb.org.br\/?p=191\">Aos que n\u00e3o enxergam al\u00e9m do Jord\u00e3o<\/a><\/h2><\/div><div class=\"post-excerpt\">Ronaldo Lid\u00f3rio Ao se preparar para seguir adiante, olhe para tr\u00e1s! Veja o quanto Deus foi fiel, guardou a sua vida, alimentou a sua alma e<span class=\"excerpt-hellip\"> [\u2026]<\/span><\/div><div class=\"post-footer\"><div class=\"button-love\"><span class=\"love-text\">Do you like it?<\/span><a href=\"#\" class=\"mfn-love \" data-id=\"191\"><span class=\"icons-wrapper\"><i class=\"icon-heart-empty-fa\"><\/i><i class=\"icon-heart-fa\"><\/i><\/span><span class=\"label\">0<\/span><\/a><\/div><div class=\"post-links\"><i class=\"icon-comment-empty-fa\" aria-label=\"number of comments\"><\/i> <a href=\"https:\/\/esperanca.ipb.org.br\/?p=191#respond\" class=\"post-comments\">0<\/a><i class=\"icon-doc-text\" aria-hidden=\"true\"><\/i> <a href=\"https:\/\/esperanca.ipb.org.br\/?p=191\" class=\"post-more\">Read more<\/a><\/div><\/div><\/div><\/div><\/article><article class=\"post post-item isotope-item clearfix post-189 type-post status-publish format-standard has-post-thumbnail hentry category-reflexoes\" style=\"\"><div class=\"date_label\">3 de setembro de 2024<\/div><div class=\"image_frame post-photo-wrapper scale-with-grid image\"><div class=\"image_wrapper\"><a href=\"https:\/\/esperanca.ipb.org.br\/?p=189\"><div class=\"mask\"><\/div><img decoding=\"async\" width=\"960\" height=\"750\" src=\"https:\/\/esperanca.ipb.org.br\/wp-content\/uploads\/2024\/09\/7_alegria-960x750.webp\" class=\"scale-with-grid wp-post-image\" alt=\"\" \/><\/a><div class=\"image_links double\"><a class=\"zoom tooltip\" data-tooltip=\"Zoom\" data-position=\"left\" rel=\"prettyphoto\" href=\"https:\/\/esperanca.ipb.org.br\/wp-content\/uploads\/2024\/09\/7_alegria-1024x683.webp\"><svg viewBox=\"0 0 26 26\"><defs><style>.path{fill:none;stroke:#333;stroke-miterlimit:10;stroke-width:1.5px;}<\/style><\/defs><circle cx=\"11.35\" cy=\"11.35\" r=\"6\" class=\"path\"><\/circle><line x1=\"15.59\" y1=\"15.59\" x2=\"20.65\" y2=\"20.65\" class=\"path\"><\/line><\/svg><\/a><a class=\"link tooltip\" data-tooltip=\"Details\" data-position=\"left\" href=\"https:\/\/esperanca.ipb.org.br\/?p=189\"><svg viewBox=\"0 0 26 26\"><defs><style>.path{fill:none;stroke:#333;stroke-miterlimit:10;stroke-width:1.5px;}<\/style><\/defs><g><path d=\"M10.17,8.76l2.12-2.12a5,5,0,0,1,7.07,0h0a5,5,0,0,1,0,7.07l-2.12,2.12\" class=\"path\"><\/path><path d=\"M15.83,17.24l-2.12,2.12a5,5,0,0,1-7.07,0h0a5,5,0,0,1,0-7.07l2.12-2.12\" class=\"path\"><\/path><line x1=\"10.17\" y1=\"15.83\" x2=\"15.83\" y2=\"10.17\" class=\"path\"><\/line><\/g><\/svg><\/a><\/div><\/div><\/div><div class=\"post-desc-wrapper bg- has-custom-bg\" style=\"\"><div class=\"post-desc\"><div class=\"post-head\"><div class=\"post-meta clearfix\"><div class=\"author-date\"><span class=\"vcard author post-author\"><span class=\"label\">Published by <\/span><i class=\"icon-user\" aria-label=\"author\"><\/i> <span class=\"fn\"><a href=\"https:\/\/esperanca.ipb.org.br\/?author=1\">apecom<\/a><\/span><\/span> <span class=\"date\"><span class=\"label\">on <\/span><i class=\"icon-clock\"><\/i> <span class=\"post-date updated\">3 de setembro de 2024<\/span><\/span><\/div><div class=\"category\"><span class=\"cat-btn\">Categories <i class=\"icon-down-dir\" aria-hidden=\"true\"><\/i><\/span><div class=\"cat-wrapper\"><ul class=\"post-categories\">\n\t<li><a href=\"https:\/\/esperanca.ipb.org.br\/?cat=3\" rel=\"category\">Reflex\u00f5es<\/a><\/li><\/ul><\/div><\/div><\/div><\/div><div class=\"post-title\"><h2 class=\"entry-title\" itemprop=\"headline\"><a href=\"https:\/\/esperanca.ipb.org.br\/?p=189\">Aos que saem andando e chorando enquanto semeiam<\/a><\/h2><\/div><div class=\"post-excerpt\">Ronaldo Lid\u00f3rio A Palavra afirma que aqueles que viverem em Cristo ser\u00e3o perseguidos (2 Tm 3:12). Tamb\u00e9m que alguns sofrer\u00e3o persegui\u00e7\u00e3o por causa da justi\u00e7a (Mt<span class=\"excerpt-hellip\"> [\u2026]<\/span><\/div><div class=\"post-footer\"><div class=\"button-love\"><span class=\"love-text\">Do you like it?<\/span><a href=\"#\" class=\"mfn-love \" data-id=\"189\"><span class=\"icons-wrapper\"><i class=\"icon-heart-empty-fa\"><\/i><i class=\"icon-heart-fa\"><\/i><\/span><span class=\"label\">0<\/span><\/a><\/div><div class=\"post-links\"><i class=\"icon-comment-empty-fa\" aria-label=\"number of comments\"><\/i> <a href=\"https:\/\/esperanca.ipb.org.br\/?p=189#respond\" class=\"post-comments\">0<\/a><i class=\"icon-doc-text\" aria-hidden=\"true\"><\/i> <a href=\"https:\/\/esperanca.ipb.org.br\/?p=189\" class=\"post-more\">Read more<\/a><\/div><\/div><\/div><\/div><\/article><article class=\"post post-item isotope-item clearfix post-187 type-post status-publish format-standard has-post-thumbnail hentry category-reflexoes\" style=\"\"><div class=\"date_label\">3 de setembro de 2024<\/div><div class=\"image_frame post-photo-wrapper scale-with-grid image\"><div class=\"image_wrapper\"><a href=\"https:\/\/esperanca.ipb.org.br\/?p=187\"><div class=\"mask\"><\/div><img loading=\"lazy\" decoding=\"async\" width=\"960\" height=\"750\" src=\"https:\/\/esperanca.ipb.org.br\/wp-content\/uploads\/2024\/09\/6_orar-960x750.webp\" class=\"scale-with-grid wp-post-image\" alt=\"\" \/><\/a><div class=\"image_links double\"><a class=\"zoom tooltip\" data-tooltip=\"Zoom\" data-position=\"left\" rel=\"prettyphoto\" href=\"https:\/\/esperanca.ipb.org.br\/wp-content\/uploads\/2024\/09\/6_orar-1024x683.webp\"><svg viewBox=\"0 0 26 26\"><defs><style>.path{fill:none;stroke:#333;stroke-miterlimit:10;stroke-width:1.5px;}<\/style><\/defs><circle cx=\"11.35\" cy=\"11.35\" r=\"6\" class=\"path\"><\/circle><line x1=\"15.59\" y1=\"15.59\" x2=\"20.65\" y2=\"20.65\" class=\"path\"><\/line><\/svg><\/a><a class=\"link tooltip\" data-tooltip=\"Details\" data-position=\"left\" href=\"https:\/\/esperanca.ipb.org.br\/?p=187\"><svg viewBox=\"0 0 26 26\"><defs><style>.path{fill:none;stroke:#333;stroke-miterlimit:10;stroke-width:1.5px;}<\/style><\/defs><g><path d=\"M10.17,8.76l2.12-2.12a5,5,0,0,1,7.07,0h0a5,5,0,0,1,0,7.07l-2.12,2.12\" class=\"path\"><\/path><path d=\"M15.83,17.24l-2.12,2.12a5,5,0,0,1-7.07,0h0a5,5,0,0,1,0-7.07l2.12-2.12\" class=\"path\"><\/path><line x1=\"10.17\" y1=\"15.83\" x2=\"15.83\" y2=\"10.17\" class=\"path\"><\/line><\/g><\/svg><\/a><\/div><\/div><\/div><div class=\"post-desc-wrapper bg- has-custom-bg\" style=\"\"><div class=\"post-desc\"><div class=\"post-head\"><div class=\"post-meta clearfix\"><div class=\"author-date\"><span class=\"vcard author post-author\"><span class=\"label\">Published by <\/span><i class=\"icon-user\" aria-label=\"author\"><\/i> <span class=\"fn\"><a href=\"https:\/\/esperanca.ipb.org.br\/?author=1\">apecom<\/a><\/span><\/span> <span class=\"date\"><span class=\"label\">on <\/span><i class=\"icon-clock\"><\/i> <span class=\"post-date updated\">3 de setembro de 2024<\/span><\/span><\/div><div class=\"category\"><span class=\"cat-btn\">Categories <i class=\"icon-down-dir\" aria-hidden=\"true\"><\/i><\/span><div class=\"cat-wrapper\"><ul class=\"post-categories\">\n\t<li><a href=\"https:\/\/esperanca.ipb.org.br\/?cat=3\" rel=\"category\">Reflex\u00f5es<\/a><\/li><\/ul><\/div><\/div><\/div><\/div><div class=\"post-title\"><h2 class=\"entry-title\" itemprop=\"headline\"><a href=\"https:\/\/esperanca.ipb.org.br\/?p=187\">Aos que t\u00eam a f\u00e9 abalada<\/a><\/h2><\/div><div class=\"post-excerpt\">Ronaldo Lid\u00f3rio A igreja de Cristo vive dias de forte antagonismo entre a f\u00e9 e a d\u00favida, o amor e a indiferen\u00e7a, a santidade e o<span class=\"excerpt-hellip\"> [\u2026]<\/span><\/div><div class=\"post-footer\"><div class=\"button-love\"><span class=\"love-text\">Do you like it?<\/span><a href=\"#\" class=\"mfn-love \" data-id=\"187\"><span class=\"icons-wrapper\"><i class=\"icon-heart-empty-fa\"><\/i><i class=\"icon-heart-fa\"><\/i><\/span><span class=\"label\">0<\/span><\/a><\/div><div class=\"post-links\"><i class=\"icon-comment-empty-fa\" aria-label=\"number of comments\"><\/i> <a href=\"https:\/\/esperanca.ipb.org.br\/?p=187#respond\" class=\"post-comments\">0<\/a><i class=\"icon-doc-text\" aria-hidden=\"true\"><\/i> <a href=\"https:\/\/esperanca.ipb.org.br\/?p=187\" class=\"post-more\">Read more<\/a><\/div><\/div><\/div><\/div><\/article><article class=\"post post-item isotope-item clearfix post-184 type-post status-publish format-standard has-post-thumbnail hentry category-reflexoes\" style=\"\"><div class=\"date_label\">3 de setembro de 2024<\/div><div class=\"image_frame post-photo-wrapper scale-with-grid image\"><div class=\"image_wrapper\"><a href=\"https:\/\/esperanca.ipb.org.br\/?p=184\"><div class=\"mask\"><\/div><img loading=\"lazy\" decoding=\"async\" width=\"960\" height=\"750\" src=\"https:\/\/esperanca.ipb.org.br\/wp-content\/uploads\/2024\/09\/5_morada-certa-960x750.webp\" class=\"scale-with-grid wp-post-image\" alt=\"\" \/><\/a><div class=\"image_links double\"><a class=\"zoom tooltip\" data-tooltip=\"Zoom\" data-position=\"left\" rel=\"prettyphoto\" href=\"https:\/\/esperanca.ipb.org.br\/wp-content\/uploads\/2024\/09\/5_morada-certa-1024x683.webp\"><svg viewBox=\"0 0 26 26\"><defs><style>.path{fill:none;stroke:#333;stroke-miterlimit:10;stroke-width:1.5px;}<\/style><\/defs><circle cx=\"11.35\" cy=\"11.35\" r=\"6\" class=\"path\"><\/circle><line x1=\"15.59\" y1=\"15.59\" x2=\"20.65\" y2=\"20.65\" class=\"path\"><\/line><\/svg><\/a><a class=\"link tooltip\" data-tooltip=\"Details\" data-position=\"left\" href=\"https:\/\/esperanca.ipb.org.br\/?p=184\"><svg viewBox=\"0 0 26 26\"><defs><style>.path{fill:none;stroke:#333;stroke-miterlimit:10;stroke-width:1.5px;}<\/style><\/defs><g><path d=\"M10.17,8.76l2.12-2.12a5,5,0,0,1,7.07,0h0a5,5,0,0,1,0,7.07l-2.12,2.12\" class=\"path\"><\/path><path d=\"M15.83,17.24l-2.12,2.12a5,5,0,0,1-7.07,0h0a5,5,0,0,1,0-7.07l2.12-2.12\" class=\"path\"><\/path><line x1=\"10.17\" y1=\"15.83\" x2=\"15.83\" y2=\"10.17\" class=\"path\"><\/line><\/g><\/svg><\/a><\/div><\/div><\/div><div class=\"post-desc-wrapper bg- has-custom-bg\" style=\"\"><div class=\"post-desc\"><div class=\"post-head\"><div class=\"post-meta clearfix\"><div class=\"author-date\"><span class=\"vcard author post-author\"><span class=\"label\">Published by <\/span><i class=\"icon-user\" aria-label=\"author\"><\/i> <span class=\"fn\"><a href=\"https:\/\/esperanca.ipb.org.br\/?author=1\">apecom<\/a><\/span><\/span> <span class=\"date\"><span class=\"label\">on <\/span><i class=\"icon-clock\"><\/i> <span class=\"post-date updated\">3 de setembro de 2024<\/span><\/span><\/div><div class=\"category\"><span class=\"cat-btn\">Categories <i class=\"icon-down-dir\" aria-hidden=\"true\"><\/i><\/span><div class=\"cat-wrapper\"><ul class=\"post-categories\">\n\t<li><a href=\"https:\/\/esperanca.ipb.org.br\/?cat=3\" rel=\"category\">Reflex\u00f5es<\/a><\/li><\/ul><\/div><\/div><\/div><\/div><div class=\"post-title\"><h2 class=\"entry-title\" itemprop=\"headline\"><a href=\"https:\/\/esperanca.ipb.org.br\/?p=184\">Aos que n\u00e3o t\u00eam morada certa<\/a><\/h2><\/div><div class=\"post-excerpt\">Ronaldo Lid\u00f3rio Estive em contato com etnias peregrinas em dois momentos de minha vida. Visitei brevemente um grupo tuaregue na regi\u00e3o des\u00e9rtica do Saara e, de<span class=\"excerpt-hellip\"> [\u2026]<\/span><\/div><div class=\"post-footer\"><div class=\"button-love\"><span class=\"love-text\">Do you like it?<\/span><a href=\"#\" class=\"mfn-love \" data-id=\"184\"><span class=\"icons-wrapper\"><i class=\"icon-heart-empty-fa\"><\/i><i class=\"icon-heart-fa\"><\/i><\/span><span class=\"label\">0<\/span><\/a><\/div><div class=\"post-links\"><i class=\"icon-comment-empty-fa\" aria-label=\"number of comments\"><\/i> <a href=\"https:\/\/esperanca.ipb.org.br\/?p=184#respond\" class=\"post-comments\">0<\/a><i class=\"icon-doc-text\" aria-hidden=\"true\"><\/i> <a href=\"https:\/\/esperanca.ipb.org.br\/?p=184\" class=\"post-more\">Read more<\/a><\/div><\/div><\/div><\/div><\/article><article class=\"post post-item isotope-item clearfix post-182 type-post status-publish format-standard has-post-thumbnail hentry category-reflexoes\" style=\"\"><div class=\"date_label\">3 de setembro de 2024<\/div><div class=\"image_frame post-photo-wrapper scale-with-grid image\"><div class=\"image_wrapper\"><a href=\"https:\/\/esperanca.ipb.org.br\/?p=182\"><div class=\"mask\"><\/div><img loading=\"lazy\" decoding=\"async\" width=\"960\" height=\"750\" src=\"https:\/\/esperanca.ipb.org.br\/wp-content\/uploads\/2024\/09\/4_fe_abalada-960x750.webp\" class=\"scale-with-grid wp-post-image\" alt=\"\" \/><\/a><div class=\"image_links double\"><a class=\"zoom tooltip\" data-tooltip=\"Zoom\" data-position=\"left\" rel=\"prettyphoto\" href=\"https:\/\/esperanca.ipb.org.br\/wp-content\/uploads\/2024\/09\/4_fe_abalada-1024x683.webp\"><svg viewBox=\"0 0 26 26\"><defs><style>.path{fill:none;stroke:#333;stroke-miterlimit:10;stroke-width:1.5px;}<\/style><\/defs><circle cx=\"11.35\" cy=\"11.35\" r=\"6\" class=\"path\"><\/circle><line x1=\"15.59\" y1=\"15.59\" x2=\"20.65\" y2=\"20.65\" class=\"path\"><\/line><\/svg><\/a><a class=\"link tooltip\" data-tooltip=\"Details\" data-position=\"left\" href=\"https:\/\/esperanca.ipb.org.br\/?p=182\"><svg viewBox=\"0 0 26 26\"><defs><style>.path{fill:none;stroke:#333;stroke-miterlimit:10;stroke-width:1.5px;}<\/style><\/defs><g><path d=\"M10.17,8.76l2.12-2.12a5,5,0,0,1,7.07,0h0a5,5,0,0,1,0,7.07l-2.12,2.12\" class=\"path\"><\/path><path d=\"M15.83,17.24l-2.12,2.12a5,5,0,0,1-7.07,0h0a5,5,0,0,1,0-7.07l2.12-2.12\" class=\"path\"><\/path><line x1=\"10.17\" y1=\"15.83\" x2=\"15.83\" y2=\"10.17\" class=\"path\"><\/line><\/g><\/svg><\/a><\/div><\/div><\/div><div class=\"post-desc-wrapper bg- has-custom-bg\" style=\"\"><div class=\"post-desc\"><div class=\"post-head\"><div class=\"post-meta clearfix\"><div class=\"author-date\"><span class=\"vcard author post-author\"><span class=\"label\">Published by <\/span><i class=\"icon-user\" aria-label=\"author\"><\/i> <span class=\"fn\"><a href=\"https:\/\/esperanca.ipb.org.br\/?author=1\">apecom<\/a><\/span><\/span> <span class=\"date\"><span class=\"label\">on <\/span><i class=\"icon-clock\"><\/i> <span class=\"post-date updated\">3 de setembro de 2024<\/span><\/span><\/div><div class=\"category\"><span class=\"cat-btn\">Categories <i class=\"icon-down-dir\" aria-hidden=\"true\"><\/i><\/span><div class=\"cat-wrapper\"><ul class=\"post-categories\">\n\t<li><a href=\"https:\/\/esperanca.ipb.org.br\/?cat=3\" rel=\"category\">Reflex\u00f5es<\/a><\/li><\/ul><\/div><\/div><\/div><\/div><div class=\"post-title\"><h2 class=\"entry-title\" itemprop=\"headline\"><a href=\"https:\/\/esperanca.ipb.org.br\/?p=182\">Aos que n\u00e3o conseguem orar<\/a><\/h2><\/div><div class=\"post-excerpt\">Ronaldo Lid\u00f3rio O Senhor Jesus nos ensinou que a ora\u00e7\u00e3o, associada \u00e0 f\u00e9, promove uma resposta do Pai (Mt 21:22). Tamb\u00e9m nos lembrou que nos embates<span class=\"excerpt-hellip\"> [\u2026]<\/span><\/div><div class=\"post-footer\"><div class=\"button-love\"><span class=\"love-text\">Do you like it?<\/span><a href=\"#\" class=\"mfn-love \" data-id=\"182\"><span class=\"icons-wrapper\"><i class=\"icon-heart-empty-fa\"><\/i><i class=\"icon-heart-fa\"><\/i><\/span><span class=\"label\">0<\/span><\/a><\/div><div class=\"post-links\"><i class=\"icon-comment-empty-fa\" aria-label=\"number of comments\"><\/i> <a href=\"https:\/\/esperanca.ipb.org.br\/?p=182#respond\" class=\"post-comments\">0<\/a><i class=\"icon-doc-text\" aria-hidden=\"true\"><\/i> <a href=\"https:\/\/esperanca.ipb.org.br\/?p=182\" class=\"post-more\">Read more<\/a><\/div><\/div><\/div><\/div><\/article><\/div><div class=\"column one pager_wrapper\"><div class=\"pager\"><div class=\"pages\"><a href=\"https:\/\/esperanca.ipb.org.br\/index.php?rest_route=%2Fwp%2Fv2%2Fpages%2F271\" class=\"page active\">1<\/a><a href=\"https:\/\/esperanca.ipb.org.br\/index.php?rest_route=%2Fwp%2Fv2%2Fpages%2F271&#038;paged=2\" class=\"page\">2<\/a><\/div><a rel=\"next\" class=\"next_page\" href=\"https:\/\/esperanca.ipb.org.br\/index.php?rest_route=%2Fwp%2Fv2%2Fpages%2F271&#038;paged=2\">Next page<i class=\"icon-right-open\" aria-hidden=\"true\"><\/i><\/a><\/div><\/div>\n<\/div>\n<\/div>\n\t\t<\/div>\n\t\t\t\t<\/div>\n\t\t\t\t\t<\/div>\n\t\t\t\t<\/div>\n\t\t\t\t<\/div>\n\t\t","protected":false},"excerpt":{"rendered":"<p>3 de setembro de 2024 Published by apecom on 3 de setembro de 2024Categories Reflex\u00f5es Aos que se encontram sem for\u00e7as Ronaldo Lid\u00f3rio Na conclus\u00e3o da<span class=\"excerpt-hellip\"> [\u2026]<\/span><\/p>\n","protected":false},"author":1,"featured_media":0,"parent":0,"menu_order":0,"comment_status":"closed","ping_status":"closed","template":"","meta":{"footnotes":""},"class_list":["post-271","page","type-page","status-publish","hentry"],"_links":{"self":[{"href":"https:\/\/esperanca.ipb.org.br\/index.php?rest_route=\/wp\/v2\/pages\/271","targetHints":{"allow":["GET"]}}],"collection":[{"href":"https:\/\/esperanca.ipb.org.br\/index.php?rest_route=\/wp\/v2\/pages"}],"about":[{"href":"https:\/\/esperanca.ipb.org.br\/index.php?rest_route=\/wp\/v2\/types\/page"}],"author":[{"embeddable":true,"href":"https:\/\/esperanca.ipb.org.br\/index.php?rest_route=\/wp\/v2\/users\/1"}],"replies":[{"embeddable":true,"href":"https:\/\/esperanca.ipb.org.br\/index.php?rest_route=%2Fwp%2Fv2%2Fcomments&post=271"}],"version-history":[{"count":10,"href":"https:\/\/esperanca.ipb.org.br\/index.php?rest_route=\/wp\/v2\/pages\/271\/revisions"}],"predecessor-version":[{"id":291,"href":"https:\/\/esperanca.ipb.org.br\/index.php?rest_route=\/wp\/v2\/pages\/271\/revisions\/291"}],"wp:attachment":[{"href":"https:\/\/esperanca.ipb.org.br\/index.php?rest_route=%2Fwp%2Fv2%2Fmedia&parent=271"}],"curies":[{"name":"wp","href":"https:\/\/api.w.org\/{rel}","templated":true}]}}